{"id":70,"date":"2017-10-21T13:10:20","date_gmt":"2017-10-21T13:10:20","guid":{"rendered":"https:\/\/wiloki.com\/de\/?page_id=70"},"modified":"2022-09-30T14:10:11","modified_gmt":"2022-09-30T12:10:11","slug":"info","status":"publish","type":"page","link":"https:\/\/wiloki.com\/de\/info\/","title":{"rendered":"Kontact"},"content":{"rendered":"<div class=\"fusion-fullwidth fullwidth-box fusion-builder-row-1 fusion-flex-container fusion-parallax-none nonhundred-percent-fullwidth hundred-percent-height hundred-percent-height-center-content non-hundred-percent-height-scrolling lazyload\" style=\"background-color: #f8f8f8;background-position: center center;background-repeat: no-repeat;border-width: 0px 0px 0px 0px;border-color:#e8eaf0;border-style:solid;-webkit-background-size:cover;-moz-background-size:cover;-o-background-size:cover;background-size:cover;\" data-bg=\"https:\/\/wiloki.com\/de\/wp-content\/uploads\/2020\/09\/sky.jpg\" ><div class=\"fusion-builder-row fusion-row fusion-flex-align-items-flex-start fusion-flex-align-content-center fusion-flex-justify-content-center\" style=\"max-width:1310.4px;margin-left: calc(-4% \/ 2 );margin-right: calc(-4% \/ 2 );\"><div class=\"fusion-layout-column fusion_builder_column fusion-builder-column-0 fusion_builder_column_1_1 1_1 fusion-flex-column\"><div class=\"fusion-column-wrapper fusion-flex-justify-content-flex-start fusion-content-layout-column\" style=\"background-position:left top;background-repeat:no-repeat;-webkit-background-size:cover;-moz-background-size:cover;-o-background-size:cover;background-size:cover;padding: 30px 0px 0px 0px;\"><div class=\"fusion-separator fusion-full-width-sep\" style=\"align-self: center;margin-left: auto;margin-right: auto;margin-top:40px;margin-bottom:40px;width:100%;\"><\/div><\/div><style type=\"text\/css\">.fusion-body .fusion-builder-column-0{width:100% !important;margin-top : 0px;margin-bottom : 20px;}.fusion-builder-column-0 > .fusion-column-wrapper {padding-top : 30px !important;padding-right : 0px !important;margin-right : 1.92%;padding-bottom : 0px !important;padding-left : 0px !important;margin-left : 1.92%;}@media only screen and (max-width:1024px) {.fusion-body .fusion-builder-column-0{width:100% !important;order : 0;}.fusion-builder-column-0 > .fusion-column-wrapper {margin-right : 1.92%;margin-left : 1.92%;}}@media only screen and (max-width:640px) {.fusion-body .fusion-builder-column-0{width:100% !important;order : 0;}.fusion-builder-column-0 > .fusion-column-wrapper {margin-right : 1.92%;margin-left : 1.92%;}}<\/style><\/div><div class=\"fusion-layout-column fusion_builder_column fusion-builder-column-1 fusion_builder_column_1_2 1_2 fusion-flex-column fusion-flex-align-self-center\"><div class=\"fusion-column-wrapper fusion-column-has-shadow fusion-flex-justify-content-flex-start fusion-content-layout-column\" style=\"background-position:left top;background-repeat:no-repeat;-webkit-background-size:cover;-moz-background-size:cover;-o-background-size:cover;background-size:cover;border-radius:20px 20px 20px 20px;background-color:#ffffff;border-radius:20px 20px 20px 20px;overflow:hidden;box-shadow:0px 0px 30px 0px rgba(0,0,0,0.26);;padding: 20px 20px 20px 20px;\"><style type=\"text\/css\">@media only screen and (max-width:1024px) {.fusion-title.fusion-title-1{margin-top:10px!important; margin-right:0px!important;margin-bottom:20px!important;margin-left:0px!important;}}@media only screen and (max-width:640px) {.fusion-title.fusion-title-1{margin-top:0px!important; margin-right:0px!important;margin-bottom:20px!important; margin-left:0px!important;}}<\/style><div class=\"fusion-title title fusion-title-1 fusion-sep-none fusion-title-center fusion-title-text fusion-title-size-two\" style=\"margin-top:10px;margin-right:0px;margin-bottom:20px;margin-left:0px;\"><h2 class=\"title-heading-center fusion-responsive-typography-calculated\" style=\"margin:0;--fontSize:38;line-height:1.3;\">Hast du Fragen?<\/h2><\/div><div class=\"fusion-text fusion-text-1\"><p style=\"text-align: center;\">Schick uns einfach eine E-Mail, wir melden uns so schnell wie m\u00f6glich bei dir!<\/p>\n<\/div><div class=\"fusion-separator fusion-full-width-sep\" style=\"align-self: center;margin-left: auto;margin-right: auto;margin-top:30px;width:100%;\"><\/div><ul class=\"fusion-checklist fusion-checklist-1\" style=\"font-size:18px;line-height:30.6px;\"><li style=\"background-color:rgba(255,255,255,0);\" class=\"fusion-li-item\"><span style=\"background-color:#00a1ff;font-size:15.84px;height:30.6px;width:30.6px;margin-right:12.6px;\" class=\"icon-wrapper circle-yes\"><i class=\"fusion-li-icon fa-envelope fas\" style=\"color:#ffffff;\" aria-hidden=\"true\"><\/i><\/span><div class=\"fusion-li-item-content\" style=\"margin-left:43.2px;color:#35363a;\"><a href=\"mailto:info@wiloki.com\">info@wiloki.com<\/a><\/div><\/li><\/ul><\/div><style type=\"text\/css\">.fusion-body .fusion-builder-column-1{width:50% !important;margin-top : 0px;margin-bottom : 40px;}.fusion-builder-column-1 > .fusion-column-wrapper {padding-top : 20px !important;padding-right : 20px !important;margin-right : 6.72%;padding-bottom : 20px !important;padding-left : 20px !important;margin-left : 3.84%;}@media only screen and (max-width:1024px) {.fusion-body .fusion-builder-column-1{width:100% !important;}.fusion-builder-column-1 > .fusion-column-wrapper {margin-right : 1.92%;margin-left : 1.92%;}}@media only screen and (max-width:640px) {.fusion-body .fusion-builder-column-1{width:100% !important;}.fusion-builder-column-1 > .fusion-column-wrapper {margin-right : 1.92%;margin-left : 1.92%;}}<\/style><\/div><div class=\"fusion-layout-column fusion_builder_column fusion-builder-column-2 fusion_builder_column_1_2 1_2 fusion-flex-column fusion-flex-align-self-stretch\"><div class=\"fusion-column-wrapper fusion-column-has-shadow fusion-flex-justify-content-flex-start fusion-content-layout-column\" style=\"background-position:left top;background-repeat:no-repeat;-webkit-background-size:cover;-moz-background-size:cover;-o-background-size:cover;background-size:cover;border-radius:20px 20px 20px 20px;background-color:#ffffff;border-radius:20px 20px 20px 20px;overflow:hidden;box-shadow:0px 0px 30px 0px rgba(0,0,0,0.26);;padding: 20px 20px 20px 20px;\"><style type=\"text\/css\">@media only screen and (max-width:1024px) {.fusion-title.fusion-title-2{margin-top:10px!important; margin-right:0px!important;margin-bottom:20px!important;margin-left:0px!important;}}@media only screen and (max-width:640px) {.fusion-title.fusion-title-2{margin-top:0px!important; margin-right:0px!important;margin-bottom:20px!important; margin-left:0px!important;}}<\/style><div class=\"fusion-title title fusion-title-2 fusion-sep-none fusion-title-center fusion-title-text fusion-title-size-two\" style=\"margin-top:10px;margin-right:0px;margin-bottom:20px;margin-left:0px;\"><h2 class=\"title-heading-center fusion-responsive-typography-calculated\" style=\"margin:0;--fontSize:38;line-height:1.3;\">Folge uns!<\/h2><\/div><div class=\"fusion-text fusion-text-2\"><p style=\"text-align: center;\">Folge uns auf den sozialen Medien f\u00fcr exklusive Neuigkeiten und einen Blick hinter die Kulissen!<\/p>\n<\/div><div class=\"fusion-separator fusion-full-width-sep\" style=\"align-self: center;margin-left: auto;margin-right: auto;margin-top:30px;width:100%;\"><\/div><div class=\"fusion-social-links fusion-social-links-1\"><div class=\"fusion-social-networks\"><div class=\"fusion-social-networks-wrapper\"><a class=\"fusion-social-network-icon fusion-tooltip fusion-facebook awb-icon-facebook\" style=\"color:#3b5998;font-size:30px;\" data-placement=\"top\" data-title=\"Facebook\" data-toggle=\"tooltip\" title=\"Facebook\" aria-label=\"facebook\" target=\"_blank\" rel=\"noopener noreferrer\" href=\"https:\/\/www.facebook.com\/wiloki.de\"><\/a><a class=\"fusion-social-network-icon fusion-tooltip fusion-instagram awb-icon-instagram\" style=\"color:#3f729b;font-size:30px;\" data-placement=\"top\" data-title=\"Instagram\" data-toggle=\"tooltip\" title=\"Instagram\" aria-label=\"instagram\" target=\"_blank\" rel=\"noopener noreferrer\" href=\"https:\/\/www.instagram.com\/wiloki_de\/\"><\/a><a class=\"fusion-social-network-icon fusion-tooltip fusion-twitter awb-icon-twitter\" style=\"color:#55acee;font-size:30px;\" data-placement=\"top\" data-title=\"Twitter\" data-toggle=\"tooltip\" title=\"Twitter\" aria-label=\"twitter\" target=\"_blank\" rel=\"noopener noreferrer\" href=\"#\"><\/a><a class=\"fusion-social-network-icon fusion-tooltip fusion-linkedin awb-icon-linkedin\" style=\"color:#0077b5;font-size:30px;\" data-placement=\"top\" data-title=\"LinkedIn\" data-toggle=\"tooltip\" title=\"LinkedIn\" aria-label=\"linkedin\" target=\"_blank\" rel=\"noopener noreferrer\" href=\"https:\/\/www.linkedin.com\/company\/18880515\/admin\/\"><\/a><\/div><\/div><\/div><style type=\"text\/css\">.fusion-social-links-1{text-align:center;}@media only screen and (max-width:1024px){.fusion-social-links-1{text-align:;} }@media only screen and (max-width:640px){.fusion-social-links-1{text-align:;} }.fusion-social-links-1{ margin-top : 0px;margin-right : 0px;margin-bottom : 0px;margin-left : 0px;}<\/style><\/div><style type=\"text\/css\">.fusion-body .fusion-builder-column-2{width:50% !important;margin-top : 0px;margin-bottom : 40px;}.fusion-builder-column-2 > .fusion-column-wrapper {padding-top : 20px !important;padding-right : 20px !important;margin-right : 6.72%;padding-bottom : 20px !important;padding-left : 20px !important;margin-left : 3.84%;}@media only screen and (max-width:1024px) {.fusion-body .fusion-builder-column-2{width:100% !important;}.fusion-builder-column-2 > .fusion-column-wrapper {margin-right : 1.92%;margin-left : 1.92%;}}@media only screen and (max-width:640px) {.fusion-body .fusion-builder-column-2{width:100% !important;}.fusion-builder-column-2 > .fusion-column-wrapper {margin-right : 1.92%;margin-left : 1.92%;}}<\/style><\/div><div class=\"fusion-layout-column fusion_builder_column fusion-builder-column-3 fusion_builder_column_1_1 1_1 fusion-flex-column\"><div class=\"fusion-column-wrapper fusion-flex-justify-content-flex-start fusion-content-layout-column\" style=\"background-position:left top;background-repeat:no-repeat;-webkit-background-size:cover;-moz-background-size:cover;-o-background-size:cover;background-size:cover;padding: 30px 0px 0px 0px;\"><div style=\"text-align:center;\"><style>.fusion-body .fusion-button.button-1{border-radius:25px 25px 25px 25px;}<\/style><a class=\"fusion-button button-flat button-xlarge button-default button-1 fusion-button-default-span fusion-button-default-type\" target=\"_self\" href=\"https:\/\/wilokischool.comhttps:\/\/wilokischool.com\/adibou\/app.html\"><span class=\"fusion-button-text\">Jetzt spielen<\/span><\/a><\/div><\/div><style type=\"text\/css\">.fusion-body .fusion-builder-column-3{width:100% !important;margin-top : 0px;margin-bottom : 70px;}.fusion-builder-column-3 > .fusion-column-wrapper {padding-top : 30px !important;padding-right : 0px !important;margin-right : 1.92%;padding-bottom : 0px !important;padding-left : 0px !important;margin-left : 1.92%;}@media only screen and (max-width:1024px) {.fusion-body .fusion-builder-column-3{width:100% !important;order : 0;}.fusion-builder-column-3 > .fusion-column-wrapper {margin-right : 1.92%;margin-left : 1.92%;}}@media only screen and (max-width:640px) {.fusion-body .fusion-builder-column-3{width:100% !important;order : 0;}.fusion-builder-column-3 > .fusion-column-wrapper {margin-right : 1.92%;margin-left : 1.92%;}}<\/style><\/div><\/div><style type=\"text\/css\">.fusion-body .fusion-flex-container.fusion-builder-row-1{ padding-top : 173px;margin-top : 0px;padding-right : 0px;padding-bottom : 80px;margin-bottom : 0px;padding-left : 0px;}<\/style><\/div>\n","protected":false},"excerpt":{"rendered":"","protected":false},"author":1,"featured_media":0,"parent":0,"menu_order":0,"comment_status":"closed","ping_status":"closed","template":"100-width.php","meta":[],"yoast_head":"<!-- This site is optimized with the Yoast SEO plugin v19.4 - https:\/\/yoast.com\/wordpress\/plugins\/seo\/ -->\n<title>Kontact - Addy Junior von Wiloki<\/title>\n<meta name=\"description\" content=\"Entdecke die wunderbare Welt von Addy Junior. Lerne spielerisch lesen und rechnen. Die App begleitet das Aufwachen des Kindes.\" \/>\n<meta name=\"robots\" content=\"index, follow, max-snippet:-1, max-image-preview:large, max-video-preview:-1\" \/>\n<link rel=\"canonical\" href=\"https:\/\/wiloki.com\/de\/info\/\" \/>\n<meta property=\"og:locale\" content=\"fr_FR\" \/>\n<meta property=\"og:type\" content=\"article\" \/>\n<meta property=\"og:title\" content=\"Kontact - Addy Junior von Wiloki\" \/>\n<meta property=\"og:description\" content=\"Entdecke die wunderbare Welt von Addy Junior. Lerne spielerisch lesen und rechnen. Die App begleitet das Aufwachen des Kindes.\" \/>\n<meta property=\"og:url\" content=\"https:\/\/wiloki.com\/de\/info\/\" \/>\n<meta property=\"og:site_name\" content=\"Wiloki - Soutien scolaire en ligne du primaire au coll\u00e8ge\" \/>\n<meta property=\"article:publisher\" content=\"https:\/\/www.facebook.com\/wiloki\" \/>\n<meta property=\"article:modified_time\" content=\"2022-09-30T12:10:11+00:00\" \/>\n<meta name=\"twitter:card\" content=\"summary_large_image\" \/>\n<meta name=\"twitter:site\" content=\"@wiloki_ai\" \/>\n<meta name=\"twitter:label1\" content=\"Dur\u00e9e de lecture estim\u00e9e\" \/>\n\t<meta name=\"twitter:data1\" content=\"2 minutes\" \/>\n<script type=\"application\/ld+json\" class=\"yoast-schema-graph\">{\"@context\":\"https:\/\/schema.org\",\"@graph\":[{\"@type\":\"Organization\",\"@id\":\"https:\/\/wiloki.com\/de\/#organization\",\"name\":\"Wiloki\",\"url\":\"https:\/\/wiloki.com\/de\/\",\"sameAs\":[\"https:\/\/www.instagram.com\/wiloki_ai\/\",\"https:\/\/www.facebook.com\/wiloki\",\"https:\/\/twitter.com\/wiloki_ai\"],\"logo\":{\"@type\":\"ImageObject\",\"inLanguage\":\"fr-FR\",\"@id\":\"https:\/\/wiloki.com\/de\/#\/schema\/logo\/image\/\",\"url\":\"https:\/\/wiloki.com\/de\/wp-content\/uploads\/2020\/09\/logo_WiLOKi_300.png\",\"contentUrl\":\"https:\/\/wiloki.com\/de\/wp-content\/uploads\/2020\/09\/logo_WiLOKi_300.png\",\"width\":300,\"height\":71,\"caption\":\"Wiloki\"},\"image\":{\"@id\":\"https:\/\/wiloki.com\/de\/#\/schema\/logo\/image\/\"}},{\"@type\":\"WebSite\",\"@id\":\"https:\/\/wiloki.com\/de\/#website\",\"url\":\"https:\/\/wiloki.com\/de\/\",\"name\":\"Soutien scolaire en ligne du primaire au coll\u00e8ge\",\"description\":\"Wiloki ist eine Online-Nachhilfe f\u00fcr 7- bis 14-J\u00e4hrige.\",\"publisher\":{\"@id\":\"https:\/\/wiloki.com\/de\/#organization\"},\"potentialAction\":[{\"@type\":\"SearchAction\",\"target\":{\"@type\":\"EntryPoint\",\"urlTemplate\":\"https:\/\/wiloki.com\/de\/?s={search_term_string}\"},\"query-input\":\"required name=search_term_string\"}],\"inLanguage\":\"fr-FR\"},{\"@type\":\"WebPage\",\"@id\":\"https:\/\/wiloki.com\/de\/info\/\",\"url\":\"https:\/\/wiloki.com\/de\/info\/\",\"name\":\"Kontact - Addy Junior von Wiloki\",\"isPartOf\":{\"@id\":\"https:\/\/wiloki.com\/de\/#website\"},\"datePublished\":\"2017-10-21T13:10:20+00:00\",\"dateModified\":\"2022-09-30T12:10:11+00:00\",\"description\":\"Entdecke die wunderbare Welt von Addy Junior. Lerne spielerisch lesen und rechnen. Die App begleitet das Aufwachen des Kindes.\",\"breadcrumb\":{\"@id\":\"https:\/\/wiloki.com\/de\/info\/#breadcrumb\"},\"inLanguage\":\"fr-FR\",\"potentialAction\":[{\"@type\":\"ReadAction\",\"target\":[\"https:\/\/wiloki.com\/de\/info\/\"]}]},{\"@type\":\"BreadcrumbList\",\"@id\":\"https:\/\/wiloki.com\/de\/info\/#breadcrumb\",\"itemListElement\":[{\"@type\":\"ListItem\",\"position\":1,\"name\":\"Accueil\",\"item\":\"https:\/\/wiloki.com\/de\/\"},{\"@type\":\"ListItem\",\"position\":2,\"name\":\"Kontact\"}]}]}<\/script>\n<!-- \/ Yoast SEO plugin. -->","yoast_head_json":{"title":"Kontact - Addy Junior von Wiloki","description":"Entdecke die wunderbare Welt von Addy Junior. Lerne spielerisch lesen und rechnen. Die App begleitet das Aufwachen des Kindes.","robots":{"index":"index","follow":"follow","max-snippet":"max-snippet:-1","max-image-preview":"max-image-preview:large","max-video-preview":"max-video-preview:-1"},"canonical":"https:\/\/wiloki.com\/de\/info\/","og_locale":"fr_FR","og_type":"article","og_title":"Kontact - Addy Junior von Wiloki","og_description":"Entdecke die wunderbare Welt von Addy Junior. Lerne spielerisch lesen und rechnen. Die App begleitet das Aufwachen des Kindes.","og_url":"https:\/\/wiloki.com\/de\/info\/","og_site_name":"Wiloki - Soutien scolaire en ligne du primaire au coll\u00e8ge","article_publisher":"https:\/\/www.facebook.com\/wiloki","article_modified_time":"2022-09-30T12:10:11+00:00","twitter_card":"summary_large_image","twitter_site":"@wiloki_ai","twitter_misc":{"Dur\u00e9e de lecture estim\u00e9e":"2 minutes"},"schema":{"@context":"https:\/\/schema.org","@graph":[{"@type":"Organization","@id":"https:\/\/wiloki.com\/de\/#organization","name":"Wiloki","url":"https:\/\/wiloki.com\/de\/","sameAs":["https:\/\/www.instagram.com\/wiloki_ai\/","https:\/\/www.facebook.com\/wiloki","https:\/\/twitter.com\/wiloki_ai"],"logo":{"@type":"ImageObject","inLanguage":"fr-FR","@id":"https:\/\/wiloki.com\/de\/#\/schema\/logo\/image\/","url":"https:\/\/wiloki.com\/de\/wp-content\/uploads\/2020\/09\/logo_WiLOKi_300.png","contentUrl":"https:\/\/wiloki.com\/de\/wp-content\/uploads\/2020\/09\/logo_WiLOKi_300.png","width":300,"height":71,"caption":"Wiloki"},"image":{"@id":"https:\/\/wiloki.com\/de\/#\/schema\/logo\/image\/"}},{"@type":"WebSite","@id":"https:\/\/wiloki.com\/de\/#website","url":"https:\/\/wiloki.com\/de\/","name":"Soutien scolaire en ligne du primaire au coll\u00e8ge","description":"Wiloki ist eine Online-Nachhilfe f\u00fcr 7- bis 14-J\u00e4hrige.","publisher":{"@id":"https:\/\/wiloki.com\/de\/#organization"},"potentialAction":[{"@type":"SearchAction","target":{"@type":"EntryPoint","urlTemplate":"https:\/\/wiloki.com\/de\/?s={search_term_string}"},"query-input":"required name=search_term_string"}],"inLanguage":"fr-FR"},{"@type":"WebPage","@id":"https:\/\/wiloki.com\/de\/info\/","url":"https:\/\/wiloki.com\/de\/info\/","name":"Kontact - Addy Junior von Wiloki","isPartOf":{"@id":"https:\/\/wiloki.com\/de\/#website"},"datePublished":"2017-10-21T13:10:20+00:00","dateModified":"2022-09-30T12:10:11+00:00","description":"Entdecke die wunderbare Welt von Addy Junior. Lerne spielerisch lesen und rechnen. Die App begleitet das Aufwachen des Kindes.","breadcrumb":{"@id":"https:\/\/wiloki.com\/de\/info\/#breadcrumb"},"inLanguage":"fr-FR","potentialAction":[{"@type":"ReadAction","target":["https:\/\/wiloki.com\/de\/info\/"]}]},{"@type":"BreadcrumbList","@id":"https:\/\/wiloki.com\/de\/info\/#breadcrumb","itemListElement":[{"@type":"ListItem","position":1,"name":"Accueil","item":"https:\/\/wiloki.com\/de\/"},{"@type":"ListItem","position":2,"name":"Kontact"}]}]}},"_links":{"self":[{"href":"https:\/\/wiloki.com\/de\/wp-json\/wp\/v2\/pages\/70"}],"collection":[{"href":"https:\/\/wiloki.com\/de\/wp-json\/wp\/v2\/pages"}],"about":[{"href":"https:\/\/wiloki.com\/de\/wp-json\/wp\/v2\/types\/page"}],"author":[{"embeddable":true,"href":"https:\/\/wiloki.com\/de\/wp-json\/wp\/v2\/users\/1"}],"replies":[{"embeddable":true,"href":"https:\/\/wiloki.com\/de\/wp-json\/wp\/v2\/comments?post=70"}],"version-history":[{"count":26,"href":"https:\/\/wiloki.com\/de\/wp-json\/wp\/v2\/pages\/70\/revisions"}],"predecessor-version":[{"id":2622,"href":"https:\/\/wiloki.com\/de\/wp-json\/wp\/v2\/pages\/70\/revisions\/2622"}],"wp:attachment":[{"href":"https:\/\/wiloki.com\/de\/wp-json\/wp\/v2\/media?parent=70"}],"curies":[{"name":"wp","href":"https:\/\/api.w.org\/{rel}","templated":true}]}}