{"id":1110,"date":"2021-07-07T11:25:58","date_gmt":"2021-07-07T09:25:58","guid":{"rendered":"https:\/\/wiloki.com\/fr\/?page_id=1110"},"modified":"2022-04-06T13:54:25","modified_gmt":"2022-04-06T11:54:25","slug":"aideetablissementsscolaires","status":"publish","type":"page","link":"https:\/\/wiloki.com\/fr\/aideetablissementsscolaires\/","title":{"rendered":"Aide \u00e9tablissements scolaires"},"content":{"rendered":"<p><div class=\"fusion-fullwidth fullwidth-box fusion-builder-row-1 fusion-flex-container nonhundred-percent-fullwidth non-hundred-percent-height-scrolling\" style=\"background-color: rgba(255,255,255,0);background-image:linear-gradient(180deg, #6e48aa 0%,#3a25db 100%);background-position: left top;background-repeat: no-repeat;border-width: 0px 0px 0px 0px;border-color:#e8eaf0;border-style:solid;\" ><div class=\"fusion-builder-row fusion-row fusion-flex-align-items-center fusion-flex-align-content-center\" style=\"max-width:1310.4px;margin-left: calc(-4% \/ 2 );margin-right: calc(-4% \/ 2 );\"><div class=\"fusion-layout-column fusion_builder_column fusion-builder-column-0 fusion_builder_column_1_1 1_1 fusion-flex-column\"><div class=\"fusion-column-wrapper fusion-flex-justify-content-center fusion-content-layout-column\" style=\"background-position:left top;background-repeat:no-repeat;-webkit-background-size:cover;-moz-background-size:cover;-o-background-size:cover;background-size:cover;padding: 70px 0px 0px 0px;\"><style type=\"text\/css\">@media only screen and (max-width:1024px) {.fusion-title.fusion-title-1{margin-top:10px!important; margin-right:0px!important;margin-bottom:20px!important;margin-left:0px!important;}}@media only screen and (max-width:640px) {.fusion-title.fusion-title-1{margin-top:0px!important; margin-right:0px!important;margin-bottom:20px!important; margin-left:0px!important;}}<\/style><div class=\"fusion-title title fusion-title-1 fusion-sep-none fusion-title-center fusion-title-text fusion-title-size-one\" style=\"font-size:56px;margin-top:10px;margin-right:0px;margin-bottom:20px;margin-left:0px;\"><h1 class=\"title-heading-center fusion-responsive-typography-calculated\" style=\"margin:0;font-size:1em;letter-spacing:0px;color:#ffffff;--fontSize:56;line-height:1.14;\">LES \u00c9TAPES \u00c0 SUIVRE<br \/>\npour enregistrer mon \u00e9tablissement<br \/>\net g\u00e9rer les comptes enseignants<\/h1><\/div><div class=\"fusion-separator fusion-full-width-sep\" style=\"align-self: center;margin-left: auto;margin-right: auto;margin-top:60px;margin-bottom:60px;width:100%;\"><\/div><div class=\"fusion-section-separator section-separator hills fusion-section-separator-1\"><div class=\"fusion-section-separator-svg\" style=\"font-size:0;line-height:0;\"><svg class=\"fusion-hills-candy\" fill=\"#ffffff\" xmlns=\"http:\/\/www.w3.org\/2000\/svg\" version=\"1.1\" width=\"100%\" viewBox=\"0 74 1024 107\" preserveAspectRatio=\"none\" fill=\"rgba(255,255,255,1)\"><path class=\"st4\" d=\"M0 182.086h1024v-77.312c-49.05 20.07-120.525 42.394-193.229 42.086-128.922-.512-159.846-72.294-255.795-72.294-89.088 0-134.656 80.179-245.043 82.022S169.063 99.346 49.971 97.401C32.768 97.094 16.077 99.244 0 103.135v78.951z\"\/><\/svg><\/div><div class=\"fusion-section-separator-spacer\"><div class=\"fusion-section-separator-spacer-height\" style=\"padding-top:10.44921875%;\"><\/div><\/div><style type=\"text\/css\">.fusion-section-separator-1 .fusion-section-separator-svg {margin-left:1.92%;margin-right:4.32%;}@media only screen and (max-width:1024px) {.fusion-section-separator-1 .fusion-section-separator-svg {margin-left:1.92%;margin-right:1.92%;}}@media only screen and (max-width:640px) {.fusion-section-separator-1 .fusion-section-separator-svg {margin-left:1.92%;margin-right:1.92%;}}<\/style><\/div><\/div><style type=\"text\/css\">.fusion-body .fusion-builder-column-0{width:100% !important;margin-top : 30px;margin-bottom : 0px;}.fusion-builder-column-0 > .fusion-column-wrapper {padding-top : 70px !important;padding-right : 0px !important;margin-right : 4.32%;padding-bottom : 0px !important;padding-left : 0px !important;margin-left : 1.92%;}@media only screen and (max-width:1024px) {.fusion-body .fusion-builder-column-0{width:100% !important;order : 1;}.fusion-builder-column-0 > .fusion-column-wrapper {margin-right : 1.92%;margin-left : 1.92%;}}@media only screen and (max-width:640px) {.fusion-body .fusion-builder-column-0{width:100% !important;order : 1;}.fusion-builder-column-0 > .fusion-column-wrapper {margin-right : 1.92%;margin-left : 1.92%;}}<\/style><\/div><\/div><style type=\"text\/css\">.fusion-body .fusion-flex-container.fusion-builder-row-1{ padding-top : 70px;margin-top : 0px;padding-right : 0px;padding-bottom : 0px;margin-bottom : 0px;padding-left : 0px;}<\/style><\/div><div class=\"fusion-fullwidth fullwidth-box fusion-builder-row-2 fusion-flex-container nonhundred-percent-fullwidth non-hundred-percent-height-scrolling\" style=\"background-color: rgba(255,255,255,0);background-position: center center;background-repeat: no-repeat;border-width: 0px 0px 0px 0px;border-color:#e8eaf0;border-style:solid;\" ><div class=\"fusion-builder-row fusion-row fusion-flex-align-items-flex-start\" style=\"max-width:calc( 1260px + 0px );margin-left: calc(-0px \/ 2 );margin-right: calc(-0px \/ 2 );\"><div class=\"fusion-layout-column fusion_builder_column fusion-builder-column-1 fusion_builder_column_1_1 1_1 fusion-flex-column\"><div class=\"fusion-column-wrapper fusion-flex-justify-content-flex-start fusion-content-layout-column\" style=\"background-position:left top;background-repeat:no-repeat;-webkit-background-size:cover;-moz-background-size:cover;-o-background-size:cover;background-size:cover;padding: 0px 0px 0px 0px;\"><div class=\"fusion-text fusion-text-1\"><h2 class=\"\" style=\"--fontsize: 38; line-height: 1.3;\" data-fontsize=\"38\" data-lineheight=\"49.4px\">1. Cr\u00e9ation d\u2019un compte \u00e9tablissement par le gestionnaire<\/h2>\n<p><span style=\"background-color: rgba(255, 255, 255, 0); color: var(--body_typography-color); font-family: var(--body_typography-font-family); font-size: var(--body_typography-font-size); font-style: var(--body_typography-font-style,normal); font-weight: var(--body_typography-font-weight); letter-spacing: var(--body_typography-letter-spacing);\">Rendez-vous sur le site d\u00e9di\u00e9 :<br \/>\n<\/span><span style=\"background-color: rgba(255, 255, 255, 0); color: var(--body_typography-color); font-family: var(--body_typography-font-family); font-size: var(--body_typography-font-size); font-style: var(--body_typography-font-style,normal); font-weight: var(--body_typography-font-weight); letter-spacing: var(--body_typography-letter-spacing);\">https:\/\/wilokischool.com\/fr\/etabdir.html<br \/>\n<\/span><span style=\"background-color: rgba(255, 255, 255, 0); color: var(--body_typography-color); font-family: var(--body_typography-font-family); font-size: var(--body_typography-font-size); font-style: var(--body_typography-font-style,normal); font-weight: var(--body_typography-font-weight); letter-spacing: var(--body_typography-letter-spacing);\">puis cr\u00e9ez le compte en suivant les indications.<\/span><\/p>\n<p><span style=\"background-color: rgba(255, 255, 255, 0); color: var(--body_typography-color); font-family: var(--body_typography-font-family); font-size: var(--body_typography-font-size); font-style: var(--body_typography-font-style,normal); font-weight: var(--body_typography-font-weight); letter-spacing: var(--body_typography-letter-spacing);\">Si vous n\u2019avez pas de code UAI, saisissez le nom, m\u00eame partiel, de votre \u00e9tablissement.<\/span><\/p>\n<h3 class=\"\" style=\"--fontsize: 28; line-height: 1.3; --minfontsize: 28;\" data-fontsize=\"28\" data-lineheight=\"36.4px\"><span style=\"font-size: 38px;\" data-fusion-font=\"true\">2. Activation des comptes Enseignants<\/span><\/h3>\n<p>L&rsquo;enseignant cr\u00e9e un compte \u00ab normal \u00bb en s\u2019inscrivant sur Wiloki depuis un PC https:\/\/www.wilokischool.com ou directement sur l\u2019application (iOS, Android et Windows 10).<\/p>\n<p>Il communique ses identifiants au gestionnaire d\u2019\u00e9tablissement.<\/p>\n<p>Le gestionnaire d\u2019\u00e9tablissement saisit les identifiants dans l\u2019interface d\u00e9di\u00e9e https:\/\/wilokischool.com\/fr\/etabdir.html.Le compte est alors activ\u00e9 en compte Enseignant reli\u00e9 \u00e0 l\u2019\u00e9tablissement.<\/p>\n<h3 class=\"\" style=\"--fontsize: 28; line-height: 1.3; --minfontsize: 28; font-size: 38px;\" data-fontsize=\"28\" data-lineheight=\"36.4px\" data-fusion-font=\"true\">3. Convertir un compte Enseignant en compte premium<\/h3>\n<p>En fonction de l\u2019offre \u00e0 laquelle vous avez souscrit, vous pouvez convertir un certain nombre de comptes Enseignants li\u00e9s \u00e0 votre \u00e9tablissement en comptes enseignants premium.<\/p>\n<p>L\u2019op\u00e9ration se fait dans l\u2019encadr\u00e9 gauche de votre accueil \u00e9tablissement : https:\/\/wilokischool.com\/fr\/etabdir.html<\/p>\n<h3 class=\"\" style=\"--fontsize: 28; line-height: 1.3; --minfontsize: 28; font-size: 38px;\" data-fontsize=\"28\" data-lineheight=\"36.4px\" data-fusion-font=\"true\">4. Combien de comptes un enseignant peut-il cr\u00e9er ?<\/h3>\n<p>Il peut cr\u00e9er six comptes, un compte par classe par exemple. La d\u00e9marche \u00e0 suivre est toujours la m\u00eame : cr\u00e9er un compte \u00ab normal \u00bb dans Wiloki puis le convertir en compte enseignant dans l\u2019interface d\u00e9di\u00e9e \u00e0 votre \u00e9tablissement.<\/p>\n<p>Pour les coll\u00e8ges, les enseignants d\u2019une m\u00eame classe peuvent, s\u2019ils le souhaitent, se regrouper par classe et utiliser le m\u00eame identifiant. Le professeur principal cr\u00e9e sa classe et donner acc\u00e8s \u00e0 Wiloki \u00e0 l\u2019ensemble des \u00e9l\u00e8ves. Ce compte enseignant est alors partag\u00e9 par l\u2019ensemble de l\u2019\u00e9quipe p\u00e9dagogique de la classe. Les enseignants peuvent ainsi acc\u00e9der aux outils de gestion et de suivi du travail de la classe.<\/p>\n<h3 class=\"\" style=\"--fontsize: 28; line-height: 1.3; --minfontsize: 28; font-size: 38px;\" data-fontsize=\"28\" data-lineheight=\"36.4px\" data-fusion-font=\"true\">5. Comment l\u2019enseignant acc\u00e8de-t-il aux fonctionnalit\u00e9s de gestion de classe ?<\/h3>\n<p>Il faut se connecter \u00e0 Wiloki avec ses identifiants.<br \/>\nUne fois dans l\u2019accueil, le menu en haut \u00e0 gauche permet d&rsquo;acc\u00e9der \u00e0 \u00ab Accueil Classe \u00bb.<\/p>\n<h3 class=\"\" style=\"--fontsize: 28; line-height: 1.3; --minfontsize: 28;\" data-fontsize=\"28\" data-lineheight=\"36.4px\"><span style=\"font-size: 36px;\" data-fusion-font=\"true\">6. Comment l\u2019enseignant cr\u00e9e-t-il sa classe dans Wiloki ?<\/span><\/h3>\n<p>Rendez-vous dans l\u2019Accueil Classe. La premi\u00e8re \u00e9tape est de cr\u00e9er votre classe :<\/p>\n<p>1. Indiquez le nombre d\u2019\u00e9l\u00e8ves dans votre classe (vous pourrez toujours ajouter des \u00e9l\u00e8ves ensuite).<\/p>\n<p>2. Les comptes Wiloki \u00e9l\u00e8ves sont alors cr\u00e9\u00e9s automatiquement. Vous verrez pour chacun le surnom et le mot de passe Wiloki qui sont g\u00e9n\u00e9r\u00e9s automatiquement.<\/p>\n<p>3. Allouez un compte \u00e0 chaque \u00e9l\u00e8ve en indiquant le nom de l\u2019\u00e9l\u00e8ve dans la colonne de droite intitul\u00e9e \u00ab NOM \u00bb.<\/p>\n<p>Cette fonctionnalit\u00e9 vous permet surtout d\u2019y voir plus clair, la liste de comptes et les noms associ\u00e9s ne seront visibles que depuis votre compte enseignant.<\/p>\n<p>4. Communiquez les identifiants (surnom et mot de passe) \u00e0 chaque \u00e9l\u00e8ve. Ils auront alors acc\u00e8s \u00e0 Wiloki .<\/p>\n<p>Ensuite, \u00e0 vous de jouer ! Indiquez \u00e0 vos \u00e9l\u00e8ves des notions \u00e0 revoir dans Wiloki, les notions \u00e0 d\u00e9couvrir, etc.<\/p>\n<h3 class=\"\" style=\"--fontsize: 28; line-height: 1.3; --minfontsize: 28; font-size: 36px;\" data-fontsize=\"28\" data-lineheight=\"36.4px\" data-fusion-font=\"true\">7. Comment suivre le travail et les progr\u00e8s de ses \u00e9l\u00e8ves dans Wiloki ?<\/h3>\n<p>Rendez-vous dans l\u2019Accueil Classe.<\/p>\n<p>Cliquez sur \u00ab Ma Classe xxxx (votre identifiant)\u00bb<\/p>\n<p><span style=\"background-color: rgba(255, 255, 255, 0); color: var(--body_typography-color); font-family: var(--body_typography-font-family); font-size: var(--body_typography-font-size); font-style: var(--body_typography-font-style,normal); font-weight: var(--body_typography-font-weight); letter-spacing: var(--body_typography-letter-spacing);\">Vous pouvez suivre le nombre d\u2019\u00e9toiles obtenues par \u00e9l\u00e8ve \u00e0 chaque mati\u00e8re, th\u00e8me, comp\u00e9tence, notion. Des informations sur l&rsquo;historique et l&rsquo;efficacit\u00e9 aux exercices sont \u00e9galement disponibles.<\/span><\/p>\n<p>Dans Wiloki, une \u00e9toile apparait lorsqu\u2019une notion est acquise. Un symbole indique que la notion a juste \u00e9t\u00e9 abord\u00e9e.<br \/>\nLes points r\u00e9compensent le travail mais aussi la r\u00e9gularit\u00e9 et l\u2019engagement.<\/p>\n<p>Cliquez sur les boutons Aides disponibles dans l&rsquo;interface pour avoir tous les d\u00e9tails.<\/p>\n<h3 class=\"\" style=\"--fontsize: 28; line-height: 1.3; --minfontsize: 28;\" data-fontsize=\"28\" data-lineheight=\"36.4px\">Vous avez d\u2019autres questions ? Contactez-nous \u00e0 contact@wiloki.com<\/h3>\n<\/div><\/div><style type=\"text\/css\">.fusion-body .fusion-builder-column-1{width:100% !important;margin-top : 0px;margin-bottom : 0px;}.fusion-builder-column-1 > .fusion-column-wrapper {padding-top : 0px !important;padding-right : 0px !important;margin-right : 0px;padding-bottom : 0px !important;padding-left : 0px !important;margin-left : 0px;}@media only screen and (max-width:1024px) {.fusion-body .fusion-builder-column-1{width:100% !important;}.fusion-builder-column-1 > .fusion-column-wrapper {margin-right : 0px;margin-left : 0px;}}@media only screen and (max-width:640px) {.fusion-body .fusion-builder-column-1{width:100% !important;}.fusion-builder-column-1 > .fusion-column-wrapper {margin-right : 0px;margin-left : 0px;}}<\/style><\/div><\/div><style type=\"text\/css\">.fusion-body .fusion-flex-container.fusion-builder-row-2{ padding-top : 0px;margin-top : 0px;padding-right : 0px;padding-bottom : 0px;margin-bottom : 0px;padding-left : 0px;}<\/style><\/div><\/p>\n","protected":false},"excerpt":{"rendered":"","protected":false},"author":1,"featured_media":0,"parent":0,"menu_order":0,"comment_status":"closed","ping_status":"open","template":"100-width.php","meta":[],"yoast_head":"<!-- This site is optimized with the Yoast SEO plugin v19.5.1 - https:\/\/yoast.com\/wordpress\/plugins\/seo\/ -->\n<title>Aide \u00e9tablissements scolaires - Soutien scolaire en ligne du primaire au coll\u00e8ge<\/title>\n<meta name=\"robots\" content=\"index, follow, max-snippet:-1, max-image-preview:large, max-video-preview:-1\" \/>\n<link rel=\"canonical\" href=\"https:\/\/wiloki.com\/fr\/aideetablissementsscolaires\/\" \/>\n<meta property=\"og:locale\" content=\"fr_FR\" \/>\n<meta property=\"og:type\" content=\"article\" \/>\n<meta property=\"og:title\" content=\"Aide \u00e9tablissements scolaires - Soutien scolaire en ligne du primaire au coll\u00e8ge\" \/>\n<meta property=\"og:url\" content=\"https:\/\/wiloki.com\/fr\/aideetablissementsscolaires\/\" \/>\n<meta property=\"og:site_name\" content=\"Soutien scolaire en ligne du primaire au coll\u00e8ge\" \/>\n<meta property=\"article:publisher\" content=\"https:\/\/www.facebook.com\/wiloki\" \/>\n<meta property=\"article:modified_time\" content=\"2022-04-06T11:54:25+00:00\" \/>\n<meta name=\"twitter:card\" content=\"summary_large_image\" \/>\n<meta name=\"twitter:site\" content=\"@wiloki_ai\" \/>\n<meta name=\"twitter:label1\" content=\"Dur\u00e9e de lecture estim\u00e9e\" \/>\n\t<meta name=\"twitter:data1\" content=\"4 minutes\" \/>\n<script type=\"application\/ld+json\" class=\"yoast-schema-graph\">{\"@context\":\"https:\/\/schema.org\",\"@graph\":[{\"@type\":\"WebPage\",\"@id\":\"https:\/\/wiloki.com\/fr\/aideetablissementsscolaires\/\",\"url\":\"https:\/\/wiloki.com\/fr\/aideetablissementsscolaires\/\",\"name\":\"Aide \u00e9tablissements scolaires - Soutien scolaire en ligne du primaire au coll\u00e8ge\",\"isPartOf\":{\"@id\":\"https:\/\/wiloki.com\/fr\/#website\"},\"datePublished\":\"2021-07-07T09:25:58+00:00\",\"dateModified\":\"2022-04-06T11:54:25+00:00\",\"breadcrumb\":{\"@id\":\"https:\/\/wiloki.com\/fr\/aideetablissementsscolaires\/#breadcrumb\"},\"inLanguage\":\"fr-FR\",\"potentialAction\":[{\"@type\":\"ReadAction\",\"target\":[\"https:\/\/wiloki.com\/fr\/aideetablissementsscolaires\/\"]}]},{\"@type\":\"BreadcrumbList\",\"@id\":\"https:\/\/wiloki.com\/fr\/aideetablissementsscolaires\/#breadcrumb\",\"itemListElement\":[{\"@type\":\"ListItem\",\"position\":1,\"name\":\"Accueil\",\"item\":\"https:\/\/wiloki.com\/fr\/\"},{\"@type\":\"ListItem\",\"position\":2,\"name\":\"Aide \u00e9tablissements scolaires\"}]},{\"@type\":\"WebSite\",\"@id\":\"https:\/\/wiloki.com\/fr\/#website\",\"url\":\"https:\/\/wiloki.com\/fr\/\",\"name\":\"Soutien scolaire en ligne du primaire au coll\u00e8ge\",\"description\":\"Exercices, cours et jeux pour apprendre, progresser et s&#039;amuser. Math\u00e9matiques, Fran\u00e7ais, Anglais, Histoire, G\u00e9ographie, Sciences pour le Primaire et le Coll\u00e8ge. CE1, CE2, CM1, CM2, 6\u00e8me, 5\u00e8me, 4\u00e8me, 3\u00e8me\",\"publisher\":{\"@id\":\"https:\/\/wiloki.com\/fr\/#organization\"},\"potentialAction\":[{\"@type\":\"SearchAction\",\"target\":{\"@type\":\"EntryPoint\",\"urlTemplate\":\"https:\/\/wiloki.com\/fr\/?s={search_term_string}\"},\"query-input\":\"required name=search_term_string\"}],\"inLanguage\":\"fr-FR\"},{\"@type\":\"Organization\",\"@id\":\"https:\/\/wiloki.com\/fr\/#organization\",\"name\":\"Wiloki\",\"url\":\"https:\/\/wiloki.com\/fr\/\",\"sameAs\":[\"https:\/\/www.instagram.com\/wiloki_ai\/\",\"https:\/\/www.facebook.com\/wiloki\",\"https:\/\/twitter.com\/wiloki_ai\"],\"logo\":{\"@type\":\"ImageObject\",\"inLanguage\":\"fr-FR\",\"@id\":\"https:\/\/wiloki.com\/fr\/#\/schema\/logo\/image\/\",\"url\":\"https:\/\/wiloki.com\/fr\/wp-content\/uploads\/2020\/09\/logo_WiLOKi_300.png\",\"contentUrl\":\"https:\/\/wiloki.com\/fr\/wp-content\/uploads\/2020\/09\/logo_WiLOKi_300.png\",\"width\":300,\"height\":71,\"caption\":\"Wiloki\"},\"image\":{\"@id\":\"https:\/\/wiloki.com\/fr\/#\/schema\/logo\/image\/\"}}]}<\/script>\n<!-- \/ Yoast SEO plugin. -->","yoast_head_json":{"title":"Aide \u00e9tablissements scolaires - Soutien scolaire en ligne du primaire au coll\u00e8ge","robots":{"index":"index","follow":"follow","max-snippet":"max-snippet:-1","max-image-preview":"max-image-preview:large","max-video-preview":"max-video-preview:-1"},"canonical":"https:\/\/wiloki.com\/fr\/aideetablissementsscolaires\/","og_locale":"fr_FR","og_type":"article","og_title":"Aide \u00e9tablissements scolaires - Soutien scolaire en ligne du primaire au coll\u00e8ge","og_url":"https:\/\/wiloki.com\/fr\/aideetablissementsscolaires\/","og_site_name":"Soutien scolaire en ligne du primaire au coll\u00e8ge","article_publisher":"https:\/\/www.facebook.com\/wiloki","article_modified_time":"2022-04-06T11:54:25+00:00","twitter_card":"summary_large_image","twitter_site":"@wiloki_ai","twitter_misc":{"Dur\u00e9e de lecture estim\u00e9e":"4 minutes"},"schema":{"@context":"https:\/\/schema.org","@graph":[{"@type":"WebPage","@id":"https:\/\/wiloki.com\/fr\/aideetablissementsscolaires\/","url":"https:\/\/wiloki.com\/fr\/aideetablissementsscolaires\/","name":"Aide \u00e9tablissements scolaires - Soutien scolaire en ligne du primaire au coll\u00e8ge","isPartOf":{"@id":"https:\/\/wiloki.com\/fr\/#website"},"datePublished":"2021-07-07T09:25:58+00:00","dateModified":"2022-04-06T11:54:25+00:00","breadcrumb":{"@id":"https:\/\/wiloki.com\/fr\/aideetablissementsscolaires\/#breadcrumb"},"inLanguage":"fr-FR","potentialAction":[{"@type":"ReadAction","target":["https:\/\/wiloki.com\/fr\/aideetablissementsscolaires\/"]}]},{"@type":"BreadcrumbList","@id":"https:\/\/wiloki.com\/fr\/aideetablissementsscolaires\/#breadcrumb","itemListElement":[{"@type":"ListItem","position":1,"name":"Accueil","item":"https:\/\/wiloki.com\/fr\/"},{"@type":"ListItem","position":2,"name":"Aide \u00e9tablissements scolaires"}]},{"@type":"WebSite","@id":"https:\/\/wiloki.com\/fr\/#website","url":"https:\/\/wiloki.com\/fr\/","name":"Soutien scolaire en ligne du primaire au coll\u00e8ge","description":"Exercices, cours et jeux pour apprendre, progresser et s&#039;amuser. Math\u00e9matiques, Fran\u00e7ais, Anglais, Histoire, G\u00e9ographie, Sciences pour le Primaire et le Coll\u00e8ge. CE1, CE2, CM1, CM2, 6\u00e8me, 5\u00e8me, 4\u00e8me, 3\u00e8me","publisher":{"@id":"https:\/\/wiloki.com\/fr\/#organization"},"potentialAction":[{"@type":"SearchAction","target":{"@type":"EntryPoint","urlTemplate":"https:\/\/wiloki.com\/fr\/?s={search_term_string}"},"query-input":"required name=search_term_string"}],"inLanguage":"fr-FR"},{"@type":"Organization","@id":"https:\/\/wiloki.com\/fr\/#organization","name":"Wiloki","url":"https:\/\/wiloki.com\/fr\/","sameAs":["https:\/\/www.instagram.com\/wiloki_ai\/","https:\/\/www.facebook.com\/wiloki","https:\/\/twitter.com\/wiloki_ai"],"logo":{"@type":"ImageObject","inLanguage":"fr-FR","@id":"https:\/\/wiloki.com\/fr\/#\/schema\/logo\/image\/","url":"https:\/\/wiloki.com\/fr\/wp-content\/uploads\/2020\/09\/logo_WiLOKi_300.png","contentUrl":"https:\/\/wiloki.com\/fr\/wp-content\/uploads\/2020\/09\/logo_WiLOKi_300.png","width":300,"height":71,"caption":"Wiloki"},"image":{"@id":"https:\/\/wiloki.com\/fr\/#\/schema\/logo\/image\/"}}]}},"_links":{"self":[{"href":"https:\/\/wiloki.com\/fr\/wp-json\/wp\/v2\/pages\/1110"}],"collection":[{"href":"https:\/\/wiloki.com\/fr\/wp-json\/wp\/v2\/pages"}],"about":[{"href":"https:\/\/wiloki.com\/fr\/wp-json\/wp\/v2\/types\/page"}],"author":[{"embeddable":true,"href":"https:\/\/wiloki.com\/fr\/wp-json\/wp\/v2\/users\/1"}],"replies":[{"embeddable":true,"href":"https:\/\/wiloki.com\/fr\/wp-json\/wp\/v2\/comments?post=1110"}],"version-history":[{"count":11,"href":"https:\/\/wiloki.com\/fr\/wp-json\/wp\/v2\/pages\/1110\/revisions"}],"predecessor-version":[{"id":2050,"href":"https:\/\/wiloki.com\/fr\/wp-json\/wp\/v2\/pages\/1110\/revisions\/2050"}],"wp:attachment":[{"href":"https:\/\/wiloki.com\/fr\/wp-json\/wp\/v2\/media?parent=1110"}],"curies":[{"name":"wp","href":"https:\/\/api.w.org\/{rel}","templated":true}]}}